{"id":3,"date":"2024-10-02T09:19:43","date_gmt":"2024-10-02T09:19:43","guid":{"rendered":"https:\/\/ikosoftspain.com\/home\/?page_id=3"},"modified":"2024-11-21T04:21:40","modified_gmt":"2024-11-21T04:21:40","slug":"privacy-policy","status":"publish","type":"page","link":"https:\/\/ikosoftspain.com\/home\/privacy-policy\/","title":{"rendered":"Privacy Policy"},"content":{"rendered":"\t\t<div data-elementor-type=\"wp-page\" data-elementor-id=\"3\" class=\"elementor elementor-3\" data-elementor-post-type=\"page\">\n\t\t\t\t\t\t<header class=\"elementor-section elementor-top-section elementor-element elementor-element-4f01e7c8 elementor-section-stretched elementor-section-boxed elementor-section-height-default elementor-section-height-default\" data-id=\"4f01e7c8\" data-element_type=\"section\" data-e-type=\"section\" data-settings=\"{&quot;background_background&quot;:&quot;classic&quot;,&quot;stretch_section&quot;:&quot;section-stretched&quot;}\">\n\t\t\t\t\t\t\t<div class=\"elementor-background-overlay\"><\/div>\n\t\t\t\t\t\t\t<div class=\"elementor-container elementor-column-gap-default\">\n\t\t\t\t\t<div class=\"elementor-column elementor-col-100 elementor-top-column elementor-element elementor-element-1c51a0e3\" data-id=\"1c51a0e3\" data-element_type=\"column\" data-e-type=\"column\" data-settings=\"{&quot;background_background&quot;:&quot;classic&quot;}\">\n\t\t\t<div class=\"elementor-widget-wrap elementor-element-populated\">\n\t\t\t\t\t\t<div class=\"elementor-element elementor-element-33b6bf6 elementor-widget-divider--view-line elementor-widget elementor-widget-divider\" data-id=\"33b6bf6\" data-element_type=\"widget\" data-e-type=\"widget\" data-widget_type=\"divider.default\">\n\t\t\t\t<div class=\"elementor-widget-container\">\n\t\t\t\t\t\t\t<div class=\"elementor-divider\">\n\t\t\t<span class=\"elementor-divider-separator\">\n\t\t\t\t\t\t<\/span>\n\t\t<\/div>\n\t\t\t\t\t\t<\/div>\n\t\t\t\t<\/div>\n\t\t\t\t<div class=\"elementor-element elementor-element-cd932f8 elementor-invisible elementor-widget elementor-widget-heading\" data-id=\"cd932f8\" data-element_type=\"widget\" data-e-type=\"widget\" data-settings=\"{&quot;_animation&quot;:&quot;fadeInDown&quot;,&quot;_animation_delay&quot;:200}\" data-widget_type=\"heading.default\">\n\t\t\t\t<div class=\"elementor-widget-container\">\n\t\t\t\t\t<h2 class=\"elementor-heading-title elementor-size-default\">pol\u00edtica de privacidad<\/h2>\t\t\t\t<\/div>\n\t\t\t\t<\/div>\n\t\t\t\t<div class=\"elementor-element elementor-element-16352d9a elementor-invisible elementor-widget elementor-widget-text-editor\" data-id=\"16352d9a\" data-element_type=\"widget\" data-e-type=\"widget\" data-settings=\"{&quot;_animation&quot;:&quot;fadeInDown&quot;,&quot;_animation_delay&quot;:400}\" data-widget_type=\"text-editor.default\">\n\t\t\t\t<div class=\"elementor-widget-container\">\n\t\t\t\t\t\t\t\t\t<h4 style=\"text-align: center;\"><span style=\"color: #ffffff;\">Comprometidos con la seguridad y privacidad de tus datos<\/span><\/h4>\t\t\t\t\t\t\t\t<\/div>\n\t\t\t\t<\/div>\n\t\t\t\t\t<\/div>\n\t\t<\/div>\n\t\t\t\t\t<\/div>\n\t\t<\/header>\n\t\t<div class=\"elementor-element elementor-element-dfa1a2e e-flex e-con-boxed e-con e-parent\" data-id=\"dfa1a2e\" data-element_type=\"container\" data-e-type=\"container\">\n\t\t\t\t\t<div class=\"e-con-inner\">\n\t\t\t\t<div class=\"elementor-element elementor-element-3593476 elementor-widget elementor-widget-heading\" data-id=\"3593476\" data-element_type=\"widget\" data-e-type=\"widget\" data-widget_type=\"heading.default\">\n\t\t\t\t<div class=\"elementor-widget-container\">\n\t\t\t\t\t<h2 class=\"elementor-heading-title elementor-size-default\">Pol\u00edtica de privacidad y uso<\/h2>\t\t\t\t<\/div>\n\t\t\t\t<\/div>\n\t\t\t\t<div class=\"elementor-element elementor-element-a8045f4 elementor-widget elementor-widget-text-editor\" data-id=\"a8045f4\" data-element_type=\"widget\" data-e-type=\"widget\" data-widget_type=\"text-editor.default\">\n\t\t\t\t<div class=\"elementor-widget-container\">\n\t\t\t\t\t\t\t\t\t<p>A efecto del previsto en el Reglamento (UE) 2016\/679, del Parlamento Europeo y del Consejo, de 27 de abril del 2016, SB Global Investment, ahora en adelante el RESPONSABLE, con NIF B72819899 informa al Usuario que sus datos de car\u00e1cter personal ser\u00e1n tratados con la finalidad de prestarle los servicios solicitados y enviarle la informaci\u00f3n sobre nuestra empresa que pueda ser de su inter\u00e9s.<\/p><p>Env\u00edo y registro de datos de car\u00e1cter personal<\/p><p>El env\u00edo de datos de car\u00e1cter personal es obligatorio para contactar y recibir informaci\u00f3n sobre los servicios prestados por el RESPONSABLE. As\u00ed mismo, el no facilitar los datos personales solicitados o el no aceptar la presente pol\u00edtica de protecci\u00f3n de datos supone la imposibilidad de subscribirse, registrarse o recibir informaci\u00f3n de estos servicios.<\/p><p>Cuando los datos de car\u00e1cter personal sean obtenidos del afectado a trav\u00e9s de redes de comunicaciones electr\u00f3nicas o en el marco de la prestaci\u00f3n de un servicio de la sociedad de la informaci\u00f3n, as\u00ed como en aquellos otros supuestos expresamente establecidos por la ley o cuando as\u00ed lo autorice la Agencia Espa\u00f1ola de Protecci\u00f3n de Datos, el responsable del tratamiento podr\u00e1 dar cumplimiento al deber de informaci\u00f3n establecido en el art\u00edculo 13 del Reglamento (UE) 2016\/679 facilitando al afectado al menos la informaci\u00f3n b\u00e1sica siguiente:<\/p><ul><li>La identidad del responsable del tratamiento y de su representante, en su caso.<\/li><li>La finalidad del tratamiento.<\/li><li>La manera en que el afectado podr\u00e1 ejercitar los derechos establecidos en los art\u00edculos 15 a 22 del Reglamento (UE) 2016\/679.<\/li><\/ul><p>Sin embargo, los responsables y encargados del tratamiento o, en su caso, sus representantes deber\u00e1n mantener el registro de actividades de tratamiento a que se refiere el art\u00edculo 30 del Reglamento (UE) 2016\/679, a menos que la empresa u organizaci\u00f3n ocupen menos de 250 personas, con la excepci\u00f3n de que el tratamiento que realice pueda suponer un riesgo para los derechos y libertades de los interesados, no sea ocasional, o incluya categor\u00edas especiales de datos personales indicados en el art\u00edculo 9, apartado 1, o datos personales relativos a condenas e infracciones penales a que se refiere el art\u00edculo 10 del Reglamento (UE) 2016\/679.<\/p><p>Finalmente, el art\u00edculo 5.1.f del Reglamento (UE) 2016\/679 determina la necesidad de establecer garant\u00edas de seguridad adecuadas contra el tratamiento no autorizado o il\u00edcito, contra la p\u00e9rdida de los datos personales, la destrucci\u00f3n o el da\u00f1o accidental. Esto implica el establecimiento de medidas t\u00e9cnicas y organizativas encaminadas a asegurar la integridad y confidencialidad de los datos personales y la posibilidad (art\u00edculo 5.2) de demostrar que estas medidas se han llevado a la pr\u00e1ctica (responsabilidad proactiva).<\/p><p>Exactitud y veracidad de los datos facilitados.<\/p><p>El Usuario que env\u00eda la informaci\u00f3n al RESPONSABLE es el \u00fanico responsable de la veracidad y correcci\u00f3n de los datos incluidos, exoner\u00e1ndose el RESPONSABLE de cualquier responsabilidad sobre este tema.<\/p><p>Los usuarios garantizan y responden, en cualquier caso, de la exactitud, vigencia y autenticidad de los datos personales facilitados, y se comprometen a mantenerlos debidamente actualizados. El Usuario acepta proporcionar informaci\u00f3n completa y correcta en el formulario de registro o suscripci\u00f3n.<\/p><p>El RESPONSABLE no responde de la veracidad de las informaciones que no sean de elaboraci\u00f3n propia y de las cuales se indique otra fuente, por lo cual tampoco asume responsabilidad alguna en cuanto a hipot\u00e9ticos perjuicios que pudieran originarse por el uso de esta informaci\u00f3n. Se exonera al RESPONSABLE de responsabilidad ante cualquier da\u00f1o o perjuicio que pudiera sufrir el Usuario como consecuencia de errores, defectos u omisiones, en la informaci\u00f3n facilitada por el RESPONSABLE siempre que proceda de fuentes ajenas al RESPONSABLE.<\/p><p>Aceptaci\u00f3n y consentimiento<\/p><p>El Usuario declara haber sido informado de las condiciones sobre protecci\u00f3n de datos de car\u00e1cter personal, aceptando y consintiendo el tratamiento de las mismas por parte del RESPONSABLE, en la forma y para las finalidades indicadas en la presente Pol\u00edtica de Protecci\u00f3n de Datos Personales.<\/p><p>Cambios en la presente pol\u00edtica de privacidad.<\/p><p>El RESPONSABLE se reserva el derecho a modificar la presente pol\u00edtica para adaptarla a novedades legislativas o jurisprudenciales, as\u00ed como a pr\u00e1cticas de la industria. En dichos supuestos, el RESPONSABLE anunciar\u00e1 en esta p\u00e1gina los cambios introducidos con razonable antelaci\u00f3n a su puesta en pr\u00e1ctica.<\/p><p>*reCAPTCHA<\/p><p>Utilizamos el servicio reCAPTCHA de Google Inc. (Google, ahora en adelante) para proteger los datos enviados a trav\u00e9s de los formularios de las p\u00e1ginas de nuestros usuarios. Este servicio permite diferenciar los datos enviados por personas de los mensajes automatizados y supone la transmisi\u00f3n de la direcci\u00f3n IP y otros datos requeridos por Google para el uso del servicio reCAPTCHA. Con tal finalidad, los datos ser\u00e1n transmitidos a Google para poder ser utilizados. La direcci\u00f3n IP ser\u00e1 encriptada por Google en los estados miembros de la Uni\u00f3n Europea as\u00ed como en los estados asociados al espacio econ\u00f3mico europeo. S\u00f3lo en algunos casos excepcionales, las direcciones IP ser\u00e1n transmitidas al servidor de Google en los Estados Unidos para su encriptaci\u00f3n. En nombre del propietario de este sitio web, Google va a utilizar estas informaciones para evaluar el uso del servicio por parte de los usuarios. La direcci\u00f3n IP transmitida por reCAPTCHA se mantendr\u00e1 separada de otros datos de Google. Para estos datos es v\u00e1lida la pol\u00edtica de privacidad de Google. Todos los detalles acerca de la pol\u00edtica de privacidad de Google se pueden leer en la p\u00e1gina\u00a0https:\/\/<a href=\"http:\/\/www.google.com\/intl\/es\/policies\/privacy\/\">www.google.com\/intl\/es\/policies\/privacy\/<\/a><\/p><p>Al utilizar el servicio reCAPTCHA, el usuario consiente el tratamiento de los datos sobre \u00e9l de los que Google dispone en la forma y prop\u00f3sitos arriba establecidos.<\/p>\t\t\t\t\t\t\t\t<\/div>\n\t\t\t\t<\/div>\n\t\t\t\t<div class=\"elementor-element elementor-element-042acfb elementor-widget elementor-widget-heading\" data-id=\"042acfb\" data-element_type=\"widget\" data-e-type=\"widget\" data-widget_type=\"heading.default\">\n\t\t\t\t<div class=\"elementor-widget-container\">\n\t\t\t\t\t<h2 class=\"elementor-heading-title elementor-size-default\">Pol\u00edtica de cookies<\/h2>\t\t\t\t<\/div>\n\t\t\t\t<\/div>\n\t\t\t\t<div class=\"elementor-element elementor-element-babc2bf elementor-widget elementor-widget-text-editor\" data-id=\"babc2bf\" data-element_type=\"widget\" data-e-type=\"widget\" data-widget_type=\"text-editor.default\">\n\t\t\t\t<div class=\"elementor-widget-container\">\n\t\t\t\t\t\t\t\t\t<p>SB Global Investment, ahora en adelante el RESPONSABLE, a trav\u00e9s del presente documento, recoge su Pol\u00edtica de recogida y tratamiento de cookies, en cumplimiento del que dispone el art\u00edculo 22.2 de la Ley 34\/2002, de 11 de julio, de Servicios de la sociedad de la Informaci\u00f3n y de Comercio Electr\u00f3nico (LSSI-CE).<\/p><p>Las cookies se almacenan al equipo terminal del usuario (ordenador o dispositivo m\u00f3vil) y recopilan informaci\u00f3n al visitar la p\u00e1gina web\u00a0www.ikosoftspain\/home\u00a0con el fin de mejorar la usabilidad de la misma, conocer los h\u00e1bitos o necesidades de navegaci\u00f3n de los usuarios para poder adaptarse a los mismos, as\u00ed como obtener informaci\u00f3n con fines estad\u00edsticos. En el caso de aquellos usuarios que ya sean clientes del RESPONSABLE, la informaci\u00f3n recogida con las cookies servir\u00e1 tambi\u00e9n para su identificaci\u00f3n al acceder a las diferentes herramientas que el RESPONSABLE pone a su disposici\u00f3n para la gesti\u00f3n de los servicios.<\/p><p>La presente Pol\u00edtica de cookies se aplicar\u00e1 a aquellos usuarios que voluntariamente visiten las p\u00e1ginas web del RESPONSABLE, rellenen formularios de recogida de datos, accedan a las herramientas que el RESPONSABLE pone a disposici\u00f3n de sus clientes para gestionar sus servicios, o utilicen cualquiera otro servicio presente en el sitio web que implique la comunicaci\u00f3n de datos al RESPONSABLE, o el acceso a datos por el RESPONSABLE para la prestaci\u00f3n de sus servicios.<\/p><p>El RESPONSABLE informa los usuarios de sus p\u00e1ginas web, de la existencia de cookies y pone a su disposici\u00f3n la presente Pol\u00edtica con el fin de informarlos sobre el uso y del objeto de estas. El hecho de continuar la navegaci\u00f3n a trav\u00e9s de sus p\u00e1ginas supone el conocimiento y la aceptaci\u00f3n de la presente Pol\u00edtica por parte de estos usuarios.<\/p><p>El RESPONSABLE utiliza los siguientes tipos de cookies:<\/p><p>Clasificadas seg\u00fan su\u00a0titularidad:<\/p><ul><li>Cookies propias: enviadas y gestionadas directamente por el RESPONSABLE.<\/li><li>Cookies de terceros: enviadas y gestionadas por un tercero ajeno a el RESPONSABLE, de forma an\u00f3nima, con el fin de realizar estudios estad\u00edsticos de navegaci\u00f3n por las p\u00e1ginas web del RESPONSABLE.<\/li><\/ul><p>Clasificadas seg\u00fan su\u00a0finalidad:<\/p><ul><li>Cookies t\u00e9cnicas y\/o de personalizaci\u00f3n: facilitan la navegaci\u00f3n al identificar la sesi\u00f3n, permitir el acceso a herramientas de acceso restringido, adem\u00e1s de configurar a medida las opciones disponibles. Posibilitan la prestaci\u00f3n del servicio solicitado previamente por el usuario.<\/li><li>Cookies de an\u00e1lisis y\/o publicidad: permiten conocer el n\u00famero de visitas recibidas en las diferentes secciones de las p\u00e1ginas web, los h\u00e1bitos y tendencias de sus usuarios y en consecuencia, poder mejorar la navegaci\u00f3n y el servicio ofrecido por el RESPONSABLE\u00a0(fundamentalmente, Google Analytics*), as\u00ed como gestionar los espacios publicitarios incluidos en la p\u00e1gina web visitada por el usuario. Recoge datos de forma an\u00f3nima con el fin de obtener perfiles de navegaci\u00f3n de los usuarios.<\/li><\/ul><p>Clasificadas seg\u00fan su\u00a0duraci\u00f3n:<\/p><ul><li>Cookies de sesi\u00f3n: recogen y almacenan los datos mientras el usuario accede en la p\u00e1gina web.<\/li><li>Cookies persistentes: recaudan y almacenan los datos en el terminal del usuario durante un periodo de tiempo variable en funci\u00f3n de qu\u00e9 sea la finalidad para la cual han sido utilizadas.<\/li><\/ul><p>El tiempo de conservaci\u00f3n de las cookies depender\u00e1 del tipo de que se trate y siempre ser\u00e1 el m\u00ednimo indispensable para cumplir su finalidad.<\/p><p>En cualquier caso, los usuarios pueden configurar su navegador, de forma que se desactive o bloquee la recepci\u00f3n de todas o algunas de las cookies. El hecho de no desear recibir estas cookies no constituye un impedimento para poder acceder a la informaci\u00f3n de los sitios web del RESPONSABLE aunque el uso de algunos servicios podr\u00e1 ser limitado. Si una vez otorgado el consentimiento para la recepci\u00f3n de cookies se deseara retirarlo, se habr\u00e1n eliminar aquellas cookies almacenadas al equipo del usuario, a trav\u00e9s de las opciones de los diferentes navegadores.<\/p><p>La forma de configurar los diferentes navegadores para ejercitar las acciones se\u00f1aladas en los p\u00e1rrafos anteriores se puede consultar a:<\/p><ul><li>Explorer:https:\/\/support.microsoft.com\/es-es\/help\/17442\/windows-internet-\u00a0explorer-delete-manage-cookies#ie=ie-10<\/li><li>Chrome:https:\/\/support.google.com\/chrome\/answer\/95647?hl=es<\/li><li>Firefox:https:\/\/support.mozilla.org\/es\/kb\/cookies-informacion-que-los-sitios-web-\u00a0guardan-en-#w_configurar-las-cookies<\/li><li>Safari:https:\/\/support.apple.com\/kb\/ph21411?locale=es_ES<\/li><li>Opera:https:\/\/help.opera.com\/es\/Windows\/11.50\/es-ES\/cookies.html<\/li><\/ul>\t\t\t\t\t\t\t\t<\/div>\n\t\t\t\t<\/div>\n\t\t\t\t\t<\/div>\n\t\t\t\t<\/div>\n\t\t\t\t<\/div>\n\t\t","protected":false},"excerpt":{"rendered":"<p>pol\u00edtica de privacidad Comprometidos con la seguridad y privacidad de tus datos Pol\u00edtica de privacidad y uso A efecto del previsto en el Reglamento (UE) 2016\/679, del Parlamento Europeo y del Consejo, de 27 de abril del 2016, SB Global Investment, ahora en adelante el RESPONSABLE, con NIF B72819899 informa al Usuario que sus datos [&hellip;]<\/p>\n","protected":false},"author":1,"featured_media":0,"parent":0,"menu_order":0,"comment_status":"closed","ping_status":"open","template":"","meta":{"_uag_custom_page_level_css":"","_monsterinsights_skip_tracking":false,"_monsterinsights_sitenote_active":false,"_monsterinsights_sitenote_note":"","_monsterinsights_sitenote_category":0,"site-sidebar-layout":"default","site-content-layout":"","ast-site-content-layout":"default","site-content-style":"default","site-sidebar-style":"default","ast-global-header-display":"","ast-banner-title-visibility":"","ast-main-header-display":"","ast-hfb-above-header-display":"","ast-hfb-below-header-display":"","ast-hfb-mobile-header-display":"","site-post-title":"disabled","ast-breadcrumbs-content":"","ast-featured-img":"","footer-sml-layout":"","ast-disable-related-posts":"","theme-transparent-header-meta":"","adv-header-id-meta":"","stick-header-meta":"","header-above-stick-meta":"","header-main-stick-meta":"","header-below-stick-meta":"","astra-migrate-meta-layouts":"set","ast-page-background-enabled":"default","ast-page-background-meta":{"desktop":{"background-color":"var(--ast-global-color-4)","background-image":"","background-repeat":"repeat","background-position":"center center","background-size":"auto","background-attachment":"scroll","background-type":"","background-media":"","overlay-type":"","overlay-color":"","overlay-opacity":"","overlay-gradient":""},"tablet":{"background-color":"","background-image":"","background-repeat":"repeat","background-position":"center center","background-size":"auto","background-attachment":"scroll","background-type":"","background-media":"","overlay-type":"","overlay-color":"","overlay-opacity":"","overlay-gradient":""},"mobile":{"background-color":"","background-image":"","background-repeat":"repeat","background-position":"center center","background-size":"auto","background-attachment":"scroll","background-type":"","background-media":"","overlay-type":"","overlay-color":"","overlay-opacity":"","overlay-gradient":""}},"ast-content-background-meta":{"desktop":{"background-color":"var(--ast-global-color-5)","background-image":"","background-repeat":"repeat","background-position":"center center","background-size":"auto","background-attachment":"scroll","background-type":"","background-media":"","overlay-type":"","overlay-color":"","overlay-opacity":"","overlay-gradient":""},"tablet":{"background-color":"var(--ast-global-color-5)","background-image":"","background-repeat":"repeat","background-position":"center center","background-size":"auto","background-attachment":"scroll","background-type":"","background-media":"","overlay-type":"","overlay-color":"","overlay-opacity":"","overlay-gradient":""},"mobile":{"background-color":"var(--ast-global-color-5)","background-image":"","background-repeat":"repeat","background-position":"center center","background-size":"auto","background-attachment":"scroll","background-type":"","background-media":"","overlay-type":"","overlay-color":"","overlay-opacity":"","overlay-gradient":""}},"footnotes":""},"class_list":["post-3","page","type-page","status-publish","hentry"],"aioseo_notices":[],"uagb_featured_image_src":{"full":false,"thumbnail":false,"medium":false,"medium_large":false,"large":false,"1536x1536":false,"2048x2048":false},"uagb_author_info":{"display_name":"admin","author_link":"https:\/\/ikosoftspain.com\/home\/author\/admin\/"},"uagb_comment_info":0,"uagb_excerpt":"pol\u00edtica de privacidad Comprometidos con la seguridad y privacidad de tus datos Pol\u00edtica de privacidad y uso A efecto del previsto en el Reglamento (UE) 2016\/679, del Parlamento Europeo y del Consejo, de 27 de abril del 2016, SB Global Investment, ahora en adelante el RESPONSABLE, con NIF B72819899 informa al Usuario que sus datos&hellip;","_links":{"self":[{"href":"https:\/\/ikosoftspain.com\/home\/wp-json\/wp\/v2\/pages\/3","targetHints":{"allow":["GET"]}}],"collection":[{"href":"https:\/\/ikosoftspain.com\/home\/wp-json\/wp\/v2\/pages"}],"about":[{"href":"https:\/\/ikosoftspain.com\/home\/wp-json\/wp\/v2\/types\/page"}],"author":[{"embeddable":true,"href":"https:\/\/ikosoftspain.com\/home\/wp-json\/wp\/v2\/users\/1"}],"replies":[{"embeddable":true,"href":"https:\/\/ikosoftspain.com\/home\/wp-json\/wp\/v2\/comments?post=3"}],"version-history":[{"count":43,"href":"https:\/\/ikosoftspain.com\/home\/wp-json\/wp\/v2\/pages\/3\/revisions"}],"predecessor-version":[{"id":5258,"href":"https:\/\/ikosoftspain.com\/home\/wp-json\/wp\/v2\/pages\/3\/revisions\/5258"}],"wp:attachment":[{"href":"https:\/\/ikosoftspain.com\/home\/wp-json\/wp\/v2\/media?parent=3"}],"curies":[{"name":"wp","href":"https:\/\/api.w.org\/{rel}","templated":true}]}}