{"id":2562,"date":"2024-10-08T22:21:04","date_gmt":"2024-10-08T22:21:04","guid":{"rendered":"https:\/\/ikosoftspain.com\/home\/?page_id=2562"},"modified":"2025-05-13T16:06:59","modified_gmt":"2025-05-13T16:06:59","slug":"nosotros","status":"publish","type":"page","link":"https:\/\/ikosoftspain.com\/home\/nosotros\/","title":{"rendered":"Nosotros"},"content":{"rendered":"\t\t<div data-elementor-type=\"wp-page\" data-elementor-id=\"2562\" class=\"elementor elementor-2562\" data-elementor-post-type=\"page\">\n\t\t\t\t\t\t<section class=\"elementor-section elementor-top-section elementor-element elementor-element-ce7b585 elementor-section-content-middle elementor-section-stretched elementor-section-height-min-height elementor-section-boxed elementor-section-height-default elementor-section-items-middle\" data-id=\"ce7b585\" data-element_type=\"section\" data-e-type=\"section\" data-settings=\"{&quot;background_background&quot;:&quot;classic&quot;,&quot;stretch_section&quot;:&quot;section-stretched&quot;,&quot;animation&quot;:&quot;none&quot;}\">\n\t\t\t\t\t\t<div class=\"elementor-container elementor-column-gap-extended\">\n\t\t\t\t\t<div class=\"elementor-column elementor-col-100 elementor-top-column elementor-element elementor-element-8387bea\" data-id=\"8387bea\" data-element_type=\"column\" data-e-type=\"column\" data-settings=\"{&quot;animation&quot;:&quot;none&quot;}\">\n\t\t\t<div class=\"elementor-widget-wrap elementor-element-populated\">\n\t\t\t\t\t\t<div class=\"elementor-element elementor-element-81b8781 elementor-widget elementor-widget-heading\" data-id=\"81b8781\" data-element_type=\"widget\" data-e-type=\"widget\" data-widget_type=\"heading.default\">\n\t\t\t\t<div class=\"elementor-widget-container\">\n\t\t\t\t\t<h3 class=\"elementor-heading-title elementor-size-default\">Nuestro equipo<\/h3>\t\t\t\t<\/div>\n\t\t\t\t<\/div>\n\t\t\t\t<div class=\"elementor-element elementor-element-a9b0310 elementor-widget elementor-widget-text-editor\" data-id=\"a9b0310\" data-element_type=\"widget\" data-e-type=\"widget\" data-widget_type=\"text-editor.default\">\n\t\t\t\t<div class=\"elementor-widget-container\">\n\t\t\t\t\t\t\t\t\t<p style=\"text-align: center;\">Merlin \u2013 Ikosoft es un equipo s\u00f3lido, caracterizado por su capacidad de comunicaci\u00f3n, dinamismo y un enfoque cercano hacia cada cliente.<\/p><p style=\"text-align: center;\">Nos distinguimos por brindar un trato humano y profesional, adapt\u00e1ndonos a las necesidades individuales de cada negocio.<\/p>\t\t\t\t\t\t\t\t<\/div>\n\t\t\t\t<\/div>\n\t\t\t\t\t<\/div>\n\t\t<\/div>\n\t\t\t\t\t<\/div>\n\t\t<\/section>\n\t\t\t\t<section class=\"elementor-section elementor-top-section elementor-element elementor-element-27b7409 elementor-section-height-min-height elementor-section-content-middle elementor-section-boxed elementor-section-height-default elementor-section-items-middle\" data-id=\"27b7409\" data-element_type=\"section\" data-e-type=\"section\" data-settings=\"{&quot;background_background&quot;:&quot;classic&quot;}\">\n\t\t\t\t\t\t\t<div class=\"elementor-background-overlay\"><\/div>\n\t\t\t\t\t\t\t<div class=\"elementor-container elementor-column-gap-default\">\n\t\t\t\t\t<section class=\"elementor-column elementor-col-100 elementor-top-column elementor-element elementor-element-114eba89\" data-id=\"114eba89\" data-element_type=\"column\" data-e-type=\"column\" data-settings=\"{&quot;background_background&quot;:&quot;classic&quot;,&quot;animation&quot;:&quot;none&quot;}\">\n\t\t\t<div class=\"elementor-widget-wrap elementor-element-populated\">\n\t\t\t\t\t<div class=\"elementor-background-overlay\"><\/div>\n\t\t\t\t\t\t<section class=\"elementor-section elementor-inner-section elementor-element elementor-element-84a45c9 elementor-section-full_width elementor-section-height-default elementor-section-height-default\" data-id=\"84a45c9\" data-element_type=\"section\" data-e-type=\"section\" data-settings=\"{&quot;animation&quot;:&quot;none&quot;}\">\n\t\t\t\t\t\t<div class=\"elementor-container elementor-column-gap-default\">\n\t\t\t\t\t<div class=\"elementor-column elementor-col-100 elementor-inner-column elementor-element elementor-element-20c9553 elementor-invisible\" data-id=\"20c9553\" data-element_type=\"column\" data-e-type=\"column\" data-settings=\"{&quot;animation&quot;:&quot;fadeInUp&quot;}\">\n\t\t\t<div class=\"elementor-widget-wrap elementor-element-populated\">\n\t\t\t\t\t\t<div class=\"elementor-element elementor-element-fbc1484 elementor-widget elementor-widget-premium-addon-person\" data-id=\"fbc1484\" data-element_type=\"widget\" data-e-type=\"widget\" data-settings=\"{&quot;persons_per_row&quot;:&quot;20%&quot;,&quot;persons_per_row_tablet&quot;:&quot;100%&quot;,&quot;persons_per_row_mobile&quot;:&quot;100%&quot;}\" data-widget_type=\"premium-addon-person.default\">\n\t\t\t\t<div class=\"elementor-widget-container\">\n\t\t\t\t\t\t\t<div class=\"premium-persons-container premium-person-style2 multiple-persons\" data-persons-equal=\"\">\n\t\t\t\t\t\t\t\t<div class=\"premium-person-container premium-person-none-effect\">\n\t\t\t\t\t\t<div class=\"premium-person-image-container\">\n\t\t\t\t\t\t<img decoding=\"async\" src=\"https:\/\/ikosoftspain.com\/home\/wp-content\/uploads\/elementor\/thumbs\/Diseno-sin-titulo-4-r05d9ixp3fodocef7hyxzf4vdo9e4ntydq5obkz91k.png\" title=\"Dise\u00f1o sin t\u00edtulo (4)\" alt=\"Dise\u00f1o sin t\u00edtulo (4)\" loading=\"lazy\" \/>\t\t\t\t\t\t\t\t\t\t\t\t\t<\/div>\n\t\t\t\t\t\t<div class=\"premium-person-info\">\n\t\t\t\t\t\t\t\t\t\t<div class=\"premium-person-info-container\">\n\t\t\t\t\t\t\t\t\t<h4 class=\"premium-person-name\">Tatiana D\u00edaz<\/h4>\n\t\t\t\t\t\t\t\t\t\t\t<h6 class=\"premium-person-title\">\n\t\t\t\t\t\t\t<span>CEO<\/span>\n\t\t\t\t\t\t<\/h6>\n\t\t\t\t\t\t\t\t<\/div>\n\t\t\t\t\t\t\t\t\t<\/div>\n\t\t\t\t\t<\/div>\n\t\t\t\t\t\t\t\t\t\t<div class=\"premium-person-container premium-person-none-effect\">\n\t\t\t\t\t\t<div class=\"premium-person-image-container\">\n\t\t\t\t\t\t<img decoding=\"async\" src=\"https:\/\/ikosoftspain.com\/home\/wp-content\/uploads\/elementor\/thumbs\/2-3-qwbz5jt23ezs34g7elf5cqgon57tnb2jqo7uh6a360.png\" title=\"2 (3)\" alt=\"2 (3)\" loading=\"lazy\" \/>\t\t\t\t\t\t\t\t\t\t\t\t\t<\/div>\n\t\t\t\t\t\t<div class=\"premium-person-info\">\n\t\t\t\t\t\t\t\t\t\t<div class=\"premium-person-info-container\">\n\t\t\t\t\t\t\t\t\t<h4 class=\"premium-person-name\">Viviana Alvarez<\/h4>\n\t\t\t\t\t\t\t\t\t\t\t<h6 class=\"premium-person-title\">\n\t\t\t\t\t\t\t<span>Coordinadora de gesti\u00f3n administrativa, operativa y servicio al cliente<\/span>\n\t\t\t\t\t\t<\/h6>\n\t\t\t\t\t\t\t\t<\/div>\n\t\t\t\t\t\t\t\t\t<\/div>\n\t\t\t\t\t<\/div>\n\t\t\t\t\t\t\t\t\t\t<div class=\"premium-person-container premium-person-none-effect\">\n\t\t\t\t\t\t<div class=\"premium-person-image-container\">\n\t\t\t\t\t\t<img decoding=\"async\" src=\"https:\/\/ikosoftspain.com\/home\/wp-content\/uploads\/elementor\/thumbs\/5-3-qwbz6b2dlm13ftclzf7bv1l1vbhguj2rif4xe75o5k.png\" title=\"5 (3)\" alt=\"5 (3)\" loading=\"lazy\" \/>\t\t\t\t\t\t\t\t\t\t\t\t\t<\/div>\n\t\t\t\t\t\t<div class=\"premium-person-info\">\n\t\t\t\t\t\t\t\t\t\t<div class=\"premium-person-info-container\">\n\t\t\t\t\t\t\t\t\t<h4 class=\"premium-person-name\">Lisseth \u00c1ngulo<\/h4>\n\t\t\t\t\t\t\t\t\t\t\t<h6 class=\"premium-person-title\">\n\t\t\t\t\t\t\t<span>L\u00edder del \u00e1rea de innovaci\u00f3n an\u00e1lisis y gesti\u00f3n<\/span>\n\t\t\t\t\t\t<\/h6>\n\t\t\t\t\t\t\t\t<\/div>\n\t\t\t\t\t\t\t\t\t<\/div>\n\t\t\t\t\t<\/div>\n\t\t\t\t\t\t\t\t\t\t<div class=\"premium-person-container premium-person-none-effect\">\n\t\t\t\t\t\t<div class=\"premium-person-image-container\">\n\t\t\t\t\t\t<img decoding=\"async\" src=\"https:\/\/ikosoftspain.com\/home\/wp-content\/uploads\/elementor\/thumbs\/73-qwbz6lelosf8zixlb1o84gz4ek2i777t7ub9o8qc94.png\" title=\"7(3)\" alt=\"7(3)\" loading=\"lazy\" \/>\t\t\t\t\t\t\t\t\t\t\t\t\t<\/div>\n\t\t\t\t\t\t<div class=\"premium-person-info\">\n\t\t\t\t\t\t\t\t\t\t<div class=\"premium-person-info-container\">\n\t\t\t\t\t\t\t\t\t<h4 class=\"premium-person-name\">Victor Revilla<\/h4>\n\t\t\t\t\t\t\t\t\t\t\t<h6 class=\"premium-person-title\">\n\t\t\t\t\t\t\t<span>L\u00edder \u00e1rea de soporte t\u00e9cnico<\/span>\n\t\t\t\t\t\t<\/h6>\n\t\t\t\t\t\t\t\t<\/div>\n\t\t\t\t\t\t\t\t\t<\/div>\n\t\t\t\t\t<\/div>\n\t\t\t\t\t\t\t\t\t\t<div class=\"premium-person-container premium-person-none-effect\">\n\t\t\t\t\t\t<div class=\"premium-person-image-container\">\n\t\t\t\t\t\t<img decoding=\"async\" src=\"https:\/\/ikosoftspain.com\/home\/wp-content\/uploads\/elementor\/thumbs\/IMG_5688-r5r8bt6bpbwrh520j7nyzgt8tmr34lenc7lxcwvdzc.jpg\" title=\"IMG_5688\" alt=\"IMG_5688\" loading=\"lazy\" \/>\t\t\t\t\t\t\t\t\t\t\t\t\t\t\t<div class=\"premium-person-social\">\n\t\t\t\t\t\t\t\t\t<ul class=\"premium-person-social-list\">\t\t\t\t<li class=\"elementor-icon premium-person-list-item premium-person-facebook\">\n\t\t\t\t\t<a href=\"#\" target=\"_blank\">\n\t\t\t\t\t\t<i class=\"fab fa-facebook-f\" aria-hidden=\"true\"><\/i>\n\t\t\t\t\t<\/a>\n\t\t\t\t<\/li>\n\t\t\t\t\t\t\t\t<li class=\"elementor-icon premium-person-list-item premium-person-twitter\">\n\t\t\t\t\t<a href=\"#\" target=\"_blank\">\n\t\t\t\t\t\t<i class=\"fab fa-twitter\" aria-hidden=\"true\"><\/i>\n\t\t\t\t\t<\/a>\n\t\t\t\t<\/li>\n\t\t\t\t\t\t\t\t<li class=\"elementor-icon premium-person-list-item premium-person-instagram\">\n\t\t\t\t\t<a href=\"#\" target=\"_blank\">\n\t\t\t\t\t\t<i class=\"fab fa-instagram\" aria-hidden=\"true\"><\/i>\n\t\t\t\t\t<\/a>\n\t\t\t\t<\/li>\n\t\t\t\t\t\t\t\t<li class=\"elementor-icon premium-person-list-item premium-person-dribbble\">\n\t\t\t\t\t<a href=\"#\" target=\"_blank\">\n\t\t\t\t\t\t<i class=\"fab fa-dribbble\" aria-hidden=\"true\"><\/i>\n\t\t\t\t\t<\/a>\n\t\t\t\t<\/li>\n\t\t\t\t<\/ul>\t\t\t\t\t\t\t\t<\/div>\n\t\t\t\t\t\t\t\t\t\t\t\t\t<\/div>\n\t\t\t\t\t\t<div class=\"premium-person-info\">\n\t\t\t\t\t\t\t\t\t\t<div class=\"premium-person-info-container\">\n\t\t\t\t\t\t\t\t\t<h4 class=\"premium-person-name\">Gabriela Correa<\/h4>\n\t\t\t\t\t\t\t\t\t\t\t<h6 class=\"premium-person-title\">\n\t\t\t\t\t\t\t<span>Soporte Administrativo y Financiero<\/span>\n\t\t\t\t\t\t<\/h6>\n\t\t\t\t\t\t\t\t<\/div>\n\t\t\t\t\t\t\t\t\t<\/div>\n\t\t\t\t\t<\/div>\n\t\t\t\t\t\t\t<\/div>\n\t\t\t\t\t\t<\/div>\n\t\t\t\t<\/div>\n\t\t\t\t\t<\/div>\n\t\t<\/div>\n\t\t\t\t\t<\/div>\n\t\t<\/section>\n\t\t\t\t\t<\/div>\n\t\t<\/section>\n\t\t\t\t\t<\/div>\n\t\t<\/section>\n\t\t\t\t<section class=\"elementor-section elementor-top-section elementor-element elementor-element-adb9162 elementor-section-content-middle elementor-section-stretched elementor-section-height-min-height elementor-section-boxed elementor-section-height-default elementor-section-items-middle\" data-id=\"adb9162\" data-element_type=\"section\" data-e-type=\"section\" data-settings=\"{&quot;background_background&quot;:&quot;classic&quot;,&quot;stretch_section&quot;:&quot;section-stretched&quot;,&quot;animation&quot;:&quot;none&quot;}\">\n\t\t\t\t\t\t<div class=\"elementor-container elementor-column-gap-extended\">\n\t\t\t\t\t<div class=\"elementor-column elementor-col-100 elementor-top-column elementor-element elementor-element-dc4ca0e\" data-id=\"dc4ca0e\" data-element_type=\"column\" data-e-type=\"column\" data-settings=\"{&quot;animation&quot;:&quot;none&quot;}\">\n\t\t\t<div class=\"elementor-widget-wrap elementor-element-populated\">\n\t\t\t\t\t\t<div class=\"elementor-element elementor-element-1dd39ff elementor-widget elementor-widget-heading\" data-id=\"1dd39ff\" data-element_type=\"widget\" data-e-type=\"widget\" data-widget_type=\"heading.default\">\n\t\t\t\t<div class=\"elementor-widget-container\">\n\t\t\t\t\t<h4 class=\"elementor-heading-title elementor-size-default\">Tu negocio merece crecer con tranquilidad y confianza.<\/h4>\t\t\t\t<\/div>\n\t\t\t\t<\/div>\n\t\t\t\t<div class=\"elementor-element elementor-element-7a92ad5 elementor-widget elementor-widget-text-editor\" data-id=\"7a92ad5\" data-element_type=\"widget\" data-e-type=\"widget\" data-widget_type=\"text-editor.default\">\n\t\t\t\t<div class=\"elementor-widget-container\">\n\t\t\t\t\t\t\t\t\t<div style=\"text-align: center;\"><span lang=\"ES\">Estamos aqu\u00ed para acompa\u00f1arte en cada paso.<br \/>Conoce m\u00e1s sobre nuestra soluci\u00f3n y empieza este nuevo cap\u00edtulo con nosotros.<\/span><\/div>\t\t\t\t\t\t\t\t<\/div>\n\t\t\t\t<\/div>\n\t\t\t\t<div class=\"elementor-element elementor-element-3dbcf7f elementor-widget elementor-widget-spacer\" data-id=\"3dbcf7f\" data-element_type=\"widget\" data-e-type=\"widget\" data-widget_type=\"spacer.default\">\n\t\t\t\t<div class=\"elementor-widget-container\">\n\t\t\t\t\t\t\t<div class=\"elementor-spacer\">\n\t\t\t<div class=\"elementor-spacer-inner\"><\/div>\n\t\t<\/div>\n\t\t\t\t\t\t<\/div>\n\t\t\t\t<\/div>\n\t\t\t\t<div class=\"elementor-element elementor-element-df03ada elementor-align-center elementor-widget elementor-widget-button\" data-id=\"df03ada\" data-element_type=\"widget\" data-e-type=\"widget\" data-widget_type=\"button.default\">\n\t\t\t\t<div class=\"elementor-widget-container\">\n\t\t\t\t\t\t\t\t\t<div class=\"elementor-button-wrapper\">\n\t\t\t\t\t<a class=\"elementor-button elementor-button-link elementor-size-sm\" href=\"https:\/\/ikosoftspain.com\/home\/contactanos\/\">\n\t\t\t\t\t\t<span class=\"elementor-button-content-wrapper\">\n\t\t\t\t\t\t\t\t\t<span class=\"elementor-button-text\">Cont\u00e1ctanos<\/span>\n\t\t\t\t\t<\/span>\n\t\t\t\t\t<\/a>\n\t\t\t\t<\/div>\n\t\t\t\t\t\t\t\t<\/div>\n\t\t\t\t<\/div>\n\t\t\t\t\t<\/div>\n\t\t<\/div>\n\t\t\t\t\t<\/div>\n\t\t<\/section>\n\t\t\t\t<\/div>\n\t\t","protected":false},"excerpt":{"rendered":"<p>Nuestro equipo Merlin \u2013 Ikosoft es un equipo s\u00f3lido, caracterizado por su capacidad de comunicaci\u00f3n, dinamismo y un enfoque cercano hacia cada cliente. Nos distinguimos por brindar un trato humano y profesional, adapt\u00e1ndonos a las necesidades individuales de cada negocio. Tatiana D\u00edaz CEO Viviana Alvarez Coordinadora de gesti\u00f3n administrativa, operativa y servicio al cliente Lisseth [&hellip;]<\/p>\n","protected":false},"author":1,"featured_media":0,"parent":0,"menu_order":0,"comment_status":"closed","ping_status":"closed","template":"","meta":{"_uag_custom_page_level_css":"","_monsterinsights_skip_tracking":false,"_monsterinsights_sitenote_active":false,"_monsterinsights_sitenote_note":"","_monsterinsights_sitenote_category":0,"site-sidebar-layout":"no-sidebar","site-content-layout":"page-builder","ast-site-content-layout":"full-width-container","site-content-style":"default","site-sidebar-style":"default","ast-global-header-display":"","ast-banner-title-visibility":"","ast-main-header-display":"","ast-hfb-above-header-display":"","ast-hfb-below-header-display":"","ast-hfb-mobile-header-display":"","site-post-title":"disabled","ast-breadcrumbs-content":"","ast-featured-img":"disabled","footer-sml-layout":"","ast-disable-related-posts":"","theme-transparent-header-meta":"","adv-header-id-meta":"","stick-header-meta":"","header-above-stick-meta":"","header-main-stick-meta":"","header-below-stick-meta":"","astra-migrate-meta-layouts":"default","ast-page-background-enabled":"default","ast-page-background-meta":{"desktop":{"background-color":"var(--ast-global-color-4)","background-image":"","background-repeat":"repeat","background-position":"center center","background-size":"auto","background-attachment":"scroll","background-type":"","background-media":"","overlay-type":"","overlay-color":"","overlay-opacity":"","overlay-gradient":""},"tablet":{"background-color":"","background-image":"","background-repeat":"repeat","background-position":"center center","background-size":"auto","background-attachment":"scroll","background-type":"","background-media":"","overlay-type":"","overlay-color":"","overlay-opacity":"","overlay-gradient":""},"mobile":{"background-color":"","background-image":"","background-repeat":"repeat","background-position":"center center","background-size":"auto","background-attachment":"scroll","background-type":"","background-media":"","overlay-type":"","overlay-color":"","overlay-opacity":"","overlay-gradient":""}},"ast-content-background-meta":{"desktop":{"background-color":"var(--ast-global-color-5)","background-image":"","background-repeat":"repeat","background-position":"center center","background-size":"auto","background-attachment":"scroll","background-type":"","background-media":"","overlay-type":"","overlay-color":"","overlay-opacity":"","overlay-gradient":""},"tablet":{"background-color":"var(--ast-global-color-5)","background-image":"","background-repeat":"repeat","background-position":"center center","background-size":"auto","background-attachment":"scroll","background-type":"","background-media":"","overlay-type":"","overlay-color":"","overlay-opacity":"","overlay-gradient":""},"mobile":{"background-color":"var(--ast-global-color-5)","background-image":"","background-repeat":"repeat","background-position":"center center","background-size":"auto","background-attachment":"scroll","background-type":"","background-media":"","overlay-type":"","overlay-color":"","overlay-opacity":"","overlay-gradient":""}},"footnotes":""},"class_list":["post-2562","page","type-page","status-publish","hentry"],"aioseo_notices":[],"uagb_featured_image_src":{"full":false,"thumbnail":false,"medium":false,"medium_large":false,"large":false,"1536x1536":false,"2048x2048":false},"uagb_author_info":{"display_name":"admin","author_link":"https:\/\/ikosoftspain.com\/home\/author\/admin\/"},"uagb_comment_info":0,"uagb_excerpt":"Nuestro equipo Merlin \u2013 Ikosoft es un equipo s\u00f3lido, caracterizado por su capacidad de comunicaci\u00f3n, dinamismo y un enfoque cercano hacia cada cliente. Nos distinguimos por brindar un trato humano y profesional, adapt\u00e1ndonos a las necesidades individuales de cada negocio. Tatiana D\u00edaz CEO Viviana Alvarez Coordinadora de gesti\u00f3n administrativa, operativa y servicio al cliente Lisseth&hellip;","_links":{"self":[{"href":"https:\/\/ikosoftspain.com\/home\/wp-json\/wp\/v2\/pages\/2562","targetHints":{"allow":["GET"]}}],"collection":[{"href":"https:\/\/ikosoftspain.com\/home\/wp-json\/wp\/v2\/pages"}],"about":[{"href":"https:\/\/ikosoftspain.com\/home\/wp-json\/wp\/v2\/types\/page"}],"author":[{"embeddable":true,"href":"https:\/\/ikosoftspain.com\/home\/wp-json\/wp\/v2\/users\/1"}],"replies":[{"embeddable":true,"href":"https:\/\/ikosoftspain.com\/home\/wp-json\/wp\/v2\/comments?post=2562"}],"version-history":[{"count":241,"href":"https:\/\/ikosoftspain.com\/home\/wp-json\/wp\/v2\/pages\/2562\/revisions"}],"predecessor-version":[{"id":6954,"href":"https:\/\/ikosoftspain.com\/home\/wp-json\/wp\/v2\/pages\/2562\/revisions\/6954"}],"wp:attachment":[{"href":"https:\/\/ikosoftspain.com\/home\/wp-json\/wp\/v2\/media?parent=2562"}],"curies":[{"name":"wp","href":"https:\/\/api.w.org\/{rel}","templated":true}]}}