{"id":29,"date":"2019-10-07T12:57:54","date_gmt":"2019-10-07T11:57:54","guid":{"rendered":"http:\/\/ikosoftspain.com\/blog\/?page_id=29"},"modified":"2019-11-13T17:04:14","modified_gmt":"2019-11-13T16:04:14","slug":"gestiona-tu-peluqueria-facilmente-con-merlin-analisis","status":"publish","type":"page","link":"https:\/\/ikosoftspain.com\/blog\/gestiona-tu-peluqueria-facilmente-con-merlin-analisis\/","title":{"rendered":"Gestiona tu peluquer\u00eda f\u00e1cilmente con Merlin | An\u00e1lisis"},"content":{"rendered":"\t\t<div data-elementor-type=\"wp-page\" data-elementor-id=\"29\" class=\"elementor elementor-29\">\n\t\t\t\t\t\t\t\t\t<section class=\"elementor-section elementor-top-section elementor-element elementor-element-8a80fa8 elementor-section-boxed elementor-section-height-default elementor-section-height-default\" data-id=\"8a80fa8\" data-element_type=\"section\">\n\t\t\t\t\t\t<div class=\"elementor-container elementor-column-gap-default\">\n\t\t\t\t\t<div class=\"elementor-column elementor-col-100 elementor-top-column elementor-element elementor-element-a8c5419\" data-id=\"a8c5419\" data-element_type=\"column\">\n\t\t\t<div class=\"elementor-widget-wrap elementor-element-populated\">\n\t\t\t\t\t\t\t\t<div class=\"elementor-element elementor-element-98e8477 elementor-widget elementor-widget-shortcode\" data-id=\"98e8477\" data-element_type=\"widget\" data-widget_type=\"shortcode.default\">\n\t\t\t\t<div class=\"elementor-widget-container\">\n\t\t\t\t\t<div class=\"elementor-shortcode\">\r\n\t\t<div class=\"sp_wpspwpost_static wpspw-design-1 wpspw-grid-1 wpspw-clearfix \">\r\n\r\n\t\t\t\r\n<div class=\"wpspw-post-grid wpspw-medium-12 wpspw-columns \">\r\n\t<div class=\"wpspw-post-grid-content  \">\r\n\r\n\t\t\t\t\t<div class=\"wpspw-post-image-bg\">\r\n\t\t\t\t<a href=\"https:\/\/ikosoftspain.com\/blog\/gestion\/ventajas-con-contar-con-una-pagina-con-pasarela-de-pago\/\">\r\n\t\t\t\t\t<img decoding=\"async\" src=\"https:\/\/ikosoftspain.com\/blog\/wp-content\/uploads\/2020\/03\/unnamed.jpg\" alt=\"Ventajas con contar con una p\u00e1gina con pasarela de pago\" \/>\r\n\t\t\t\t<\/a>\r\n\t\t\t<\/div>\r\n\t\t\t\t\t<div class=\"wpspw-post-categories\"><a href=\"https:\/\/ikosoftspain.com\/blog\/category\/analisis\/\">An\u00e1lisis<\/a> <a href=\"https:\/\/ikosoftspain.com\/blog\/category\/gestion\/\">Gesti\u00f3n<\/a><\/div>\r\n\t\t\r\n\t\t<h2 class=\"wpspw-post-title\">\r\n\t\t\t<a href=\"https:\/\/ikosoftspain.com\/blog\/gestion\/ventajas-con-contar-con-una-pagina-con-pasarela-de-pago\/\">Ventajas con contar con una p\u00e1gina con pasarela de pago<\/a>\r\n\t\t<\/h2>\r\n\r\n\t\t\t\t\t<div class=\"wpspw-post-date\">\r\n\t\t\t\t\t\t\t\t\t<span>\r\n\t\t\t\t\t\tBy <a href=\"https:\/\/ikosoftspain.com\/blog\/author\/admin\/\">admin<\/a>\r\n\t\t\t\t\t<\/span>\r\n\t\t\t\t&nbsp;\/&nbsp;31\/03\/2021\t\t\t<\/div>\r\n\t\t\t\t\t<div class=\"wpspw-post-content\">\r\n\t\t\t\t\t\t\t\t\t<div>\r\n\t\t\t\t\t\tVentajas con contar con una p\u00e1gina con pasarela de pago La compra online es una acci\u00f3n que los usuarios, cada...\t\t\t\t\t<\/div>\r\n\t\t\t\t\t<a class=\"wpspw-readmorebtn\" href=\"https:\/\/ikosoftspain.com\/blog\/gestion\/ventajas-con-contar-con-una-pagina-con-pasarela-de-pago\/\">Read More<\/a>\r\n\t\t\t\t\t\t\t<\/div>\r\n\t\t\t<\/div>\r\n<\/div>\r\n<div class=\"wpspw-post-grid wpspw-medium-12 wpspw-columns \">\r\n\t<div class=\"wpspw-post-grid-content  \">\r\n\r\n\t\t\t\t\t<div class=\"wpspw-post-image-bg\">\r\n\t\t\t\t<a href=\"https:\/\/ikosoftspain.com\/blog\/marketing\/ideas-para-cambiar-tu-imagen-de-marca\/\">\r\n\t\t\t\t\t<img decoding=\"async\" src=\"https:\/\/ikosoftspain.com\/blog\/wp-content\/uploads\/2020\/10\/Reserva-online.png\" alt=\"Ideas para cambiar tu imagen de marca\" \/>\r\n\t\t\t\t<\/a>\r\n\t\t\t<\/div>\r\n\t\t\t\t\t<div class=\"wpspw-post-categories\"><a href=\"https:\/\/ikosoftspain.com\/blog\/category\/analisis\/\">An\u00e1lisis<\/a> <a href=\"https:\/\/ikosoftspain.com\/blog\/category\/marketing\/\">Marketing<\/a><\/div>\r\n\t\t\r\n\t\t<h2 class=\"wpspw-post-title\">\r\n\t\t\t<a href=\"https:\/\/ikosoftspain.com\/blog\/marketing\/ideas-para-cambiar-tu-imagen-de-marca\/\">Ideas para cambiar tu imagen de marca<\/a>\r\n\t\t<\/h2>\r\n\r\n\t\t\t\t\t<div class=\"wpspw-post-date\">\r\n\t\t\t\t\t\t\t\t\t<span>\r\n\t\t\t\t\t\tBy <a href=\"https:\/\/ikosoftspain.com\/blog\/author\/admin\/\">admin<\/a>\r\n\t\t\t\t\t<\/span>\r\n\t\t\t\t&nbsp;\/&nbsp;05\/01\/2021\t\t\t<\/div>\r\n\t\t\t\t\t<div class=\"wpspw-post-content\">\r\n\t\t\t\t\t\t\t\t\t<div>\r\n\t\t\t\t\t\tIdeas para cambiar tu imagen de marca El nuevo a\u00f1o ha llegado y ya sab\u00e9is lo que dicen \"A\u00f1o Nuevo,...\t\t\t\t\t<\/div>\r\n\t\t\t\t\t<a class=\"wpspw-readmorebtn\" href=\"https:\/\/ikosoftspain.com\/blog\/marketing\/ideas-para-cambiar-tu-imagen-de-marca\/\">Read More<\/a>\r\n\t\t\t\t\t\t\t<\/div>\r\n\t\t\t<\/div>\r\n<\/div>\r\n<div class=\"wpspw-post-grid wpspw-medium-12 wpspw-columns \">\r\n\t<div class=\"wpspw-post-grid-content  \">\r\n\r\n\t\t\t\t\t<div class=\"wpspw-post-image-bg\">\r\n\t\t\t\t<a href=\"https:\/\/ikosoftspain.com\/blog\/agenda\/mejor-software-de-peluqueria\/\">\r\n\t\t\t\t\t<img decoding=\"async\" src=\"https:\/\/ikosoftspain.com\/blog\/wp-content\/uploads\/2020\/11\/trabajadores-empresa-ti-que-trabajan-computadora_1303-19428.jpg\" alt=\"\u00bfCu\u00e1l es el mejor software de peluquer\u00eda?\" \/>\r\n\t\t\t\t<\/a>\r\n\t\t\t<\/div>\r\n\t\t\t\t\t<div class=\"wpspw-post-categories\"><a href=\"https:\/\/ikosoftspain.com\/blog\/category\/agenda\/\">Agenda<\/a> <a href=\"https:\/\/ikosoftspain.com\/blog\/category\/analisis\/\">An\u00e1lisis<\/a><\/div>\r\n\t\t\r\n\t\t<h2 class=\"wpspw-post-title\">\r\n\t\t\t<a href=\"https:\/\/ikosoftspain.com\/blog\/agenda\/mejor-software-de-peluqueria\/\">\u00bfCu\u00e1l es el mejor software de peluquer\u00eda?<\/a>\r\n\t\t<\/h2>\r\n\r\n\t\t\t\t\t<div class=\"wpspw-post-date\">\r\n\t\t\t\t\t\t\t\t\t<span>\r\n\t\t\t\t\t\tBy <a href=\"https:\/\/ikosoftspain.com\/blog\/author\/admin\/\">admin<\/a>\r\n\t\t\t\t\t<\/span>\r\n\t\t\t\t&nbsp;\/&nbsp;30\/11\/2020\t\t\t<\/div>\r\n\t\t\t\t\t<div class=\"wpspw-post-content\">\r\n\t\t\t\t\t\t\t\t\t<div>\r\n\t\t\t\t\t\t\u00bfCu\u00e1l es el mejor software de peluquer\u00eda? \u00bfTienes una peluquer\u00eda y no sabes cu\u00e1l es el mejor software para acompa\u00f1ar...\t\t\t\t\t<\/div>\r\n\t\t\t\t\t<a class=\"wpspw-readmorebtn\" href=\"https:\/\/ikosoftspain.com\/blog\/agenda\/mejor-software-de-peluqueria\/\">Read More<\/a>\r\n\t\t\t\t\t\t\t<\/div>\r\n\t\t\t<\/div>\r\n<\/div>\r\n<div class=\"wpspw-post-grid wpspw-medium-12 wpspw-columns \">\r\n\t<div class=\"wpspw-post-grid-content  \">\r\n\r\n\t\t\t\t\t<div class=\"wpspw-post-image-bg\">\r\n\t\t\t\t<a href=\"https:\/\/ikosoftspain.com\/blog\/analisis\/que-necesito-para-abrir-una-peluqueria\/\">\r\n\t\t\t\t\t<img decoding=\"async\" src=\"https:\/\/ikosoftspain.com\/blog\/wp-content\/uploads\/2020\/10\/mujer-morena-cortandose-pelo_23-2148108792.jpg\" alt=\"\u00bfQu\u00e9 necesito para abrir una peluquer\u00eda?\" \/>\r\n\t\t\t\t<\/a>\r\n\t\t\t<\/div>\r\n\t\t\t\t\t<div class=\"wpspw-post-categories\"><a href=\"https:\/\/ikosoftspain.com\/blog\/category\/agenda\/\">Agenda<\/a> <a href=\"https:\/\/ikosoftspain.com\/blog\/category\/analisis\/\">An\u00e1lisis<\/a><\/div>\r\n\t\t\r\n\t\t<h2 class=\"wpspw-post-title\">\r\n\t\t\t<a href=\"https:\/\/ikosoftspain.com\/blog\/analisis\/que-necesito-para-abrir-una-peluqueria\/\">\u00bfQu\u00e9 necesito para abrir una peluquer\u00eda?<\/a>\r\n\t\t<\/h2>\r\n\r\n\t\t\t\t\t<div class=\"wpspw-post-date\">\r\n\t\t\t\t\t\t\t\t\t<span>\r\n\t\t\t\t\t\tBy <a href=\"https:\/\/ikosoftspain.com\/blog\/author\/admin\/\">admin<\/a>\r\n\t\t\t\t\t<\/span>\r\n\t\t\t\t&nbsp;\/&nbsp;19\/10\/2020\t\t\t<\/div>\r\n\t\t\t\t\t<div class=\"wpspw-post-content\">\r\n\t\t\t\t\t\t\t\t\t<div>\r\n\t\t\t\t\t\t\u00bfQu\u00e9 necesito para abrir una peluquer\u00eda? En el momento en el que te planteas abrir una peluquer\u00eda sabes que te...\t\t\t\t\t<\/div>\r\n\t\t\t\t\t<a class=\"wpspw-readmorebtn\" href=\"https:\/\/ikosoftspain.com\/blog\/analisis\/que-necesito-para-abrir-una-peluqueria\/\">Read More<\/a>\r\n\t\t\t\t\t\t\t<\/div>\r\n\t\t\t<\/div>\r\n<\/div>\r\n\t\t\t\t\t<\/div>\r\n\r\n\t<\/div>\n\t\t\t\t<\/div>\n\t\t\t\t<\/div>\n\t\t\t\t\t<\/div>\n\t\t<\/div>\n\t\t\t\t\t\t\t<\/div>\n\t\t<\/section>\n\t\t\t\t\t\t\t<\/div>\n\t\t","protected":false},"excerpt":{"rendered":"","protected":false},"author":1,"featured_media":0,"parent":0,"menu_order":0,"comment_status":"closed","ping_status":"closed","template":"","meta":{"_mbp_gutenberg_autopost":false},"yoast_head":"<!-- This site is optimized with the Yoast SEO plugin v21.1 - https:\/\/yoast.com\/wordpress\/plugins\/seo\/ -->\n<title>Gestiona tu peluquer\u00eda f\u00e1cilmente con Merlin | An\u00e1lisis |<\/title>\n<meta name=\"robots\" content=\"index, follow, max-snippet:-1, max-image-preview:large, max-video-preview:-1\" \/>\n<link rel=\"canonical\" href=\"https:\/\/ikosoftspain.com\/blog\/gestiona-tu-peluqueria-facilmente-con-merlin-analisis\/\" \/>\n<meta property=\"og:locale\" content=\"es_ES\" \/>\n<meta property=\"og:type\" content=\"article\" \/>\n<meta property=\"og:title\" content=\"Gestiona tu peluquer\u00eda f\u00e1cilmente con Merlin | An\u00e1lisis |\" \/>\n<meta property=\"og:url\" content=\"https:\/\/ikosoftspain.com\/blog\/gestiona-tu-peluqueria-facilmente-con-merlin-analisis\/\" \/>\n<meta property=\"article:publisher\" content=\"https:\/\/www.facebook.com\/IKOSOFT\" \/>\n<meta property=\"article:modified_time\" content=\"2019-11-13T16:04:14+00:00\" \/>\n<meta name=\"twitter:card\" content=\"summary_large_image\" \/>\n<meta name=\"twitter:site\" content=\"@ikosoft_esp\" \/>\n<script type=\"application\/ld+json\" class=\"yoast-schema-graph\">{\"@context\":\"https:\/\/schema.org\",\"@graph\":[{\"@type\":\"WebPage\",\"@id\":\"https:\/\/ikosoftspain.com\/blog\/gestiona-tu-peluqueria-facilmente-con-merlin-analisis\/\",\"url\":\"https:\/\/ikosoftspain.com\/blog\/gestiona-tu-peluqueria-facilmente-con-merlin-analisis\/\",\"name\":\"Gestiona tu peluquer\u00eda f\u00e1cilmente con Merlin | An\u00e1lisis |\",\"isPartOf\":{\"@id\":\"https:\/\/ikosoftspain.com\/blog\/#website\"},\"datePublished\":\"2019-10-07T11:57:54+00:00\",\"dateModified\":\"2019-11-13T16:04:14+00:00\",\"breadcrumb\":{\"@id\":\"https:\/\/ikosoftspain.com\/blog\/gestiona-tu-peluqueria-facilmente-con-merlin-analisis\/#breadcrumb\"},\"inLanguage\":\"es\",\"potentialAction\":[{\"@type\":\"ReadAction\",\"target\":[\"https:\/\/ikosoftspain.com\/blog\/gestiona-tu-peluqueria-facilmente-con-merlin-analisis\/\"]}]},{\"@type\":\"BreadcrumbList\",\"@id\":\"https:\/\/ikosoftspain.com\/blog\/gestiona-tu-peluqueria-facilmente-con-merlin-analisis\/#breadcrumb\",\"itemListElement\":[{\"@type\":\"ListItem\",\"position\":1,\"name\":\"Portada\",\"item\":\"https:\/\/ikosoftspain.com\/blog\/\"},{\"@type\":\"ListItem\",\"position\":2,\"name\":\"Gestiona tu peluquer\u00eda f\u00e1cilmente con Merlin | An\u00e1lisis\"}]},{\"@type\":\"WebSite\",\"@id\":\"https:\/\/ikosoftspain.com\/blog\/#website\",\"url\":\"https:\/\/ikosoftspain.com\/blog\/\",\"name\":\"Gestiona tu peluquer\u00eda f\u00e1cilmente con Merlin\",\"description\":\"Gestiona tu peluquer&iacute;a f&aacute;cilmente con Merlin\",\"publisher\":{\"@id\":\"https:\/\/ikosoftspain.com\/blog\/#organization\"},\"potentialAction\":[{\"@type\":\"SearchAction\",\"target\":{\"@type\":\"EntryPoint\",\"urlTemplate\":\"https:\/\/ikosoftspain.com\/blog\/?s={search_term_string}\"},\"query-input\":\"required name=search_term_string\"}],\"inLanguage\":\"es\"},{\"@type\":\"Organization\",\"@id\":\"https:\/\/ikosoftspain.com\/blog\/#organization\",\"name\":\"Ikosoft Espa\u00f1a\",\"url\":\"https:\/\/ikosoftspain.com\/blog\/\",\"logo\":{\"@type\":\"ImageObject\",\"inLanguage\":\"es\",\"@id\":\"https:\/\/ikosoftspain.com\/blog\/#\/schema\/logo\/image\/\",\"url\":\"https:\/\/ikosoftspain.com\/blog\/wp-content\/uploads\/2019\/10\/logo-ikosoft.png\",\"contentUrl\":\"https:\/\/ikosoftspain.com\/blog\/wp-content\/uploads\/2019\/10\/logo-ikosoft.png\",\"width\":369,\"height\":213,\"caption\":\"Ikosoft Espa\u00f1a\"},\"image\":{\"@id\":\"https:\/\/ikosoftspain.com\/blog\/#\/schema\/logo\/image\/\"},\"sameAs\":[\"https:\/\/www.facebook.com\/IKOSOFT\",\"https:\/\/twitter.com\/ikosoft_esp\",\"https:\/\/www.instagram.com\/ikosoft.esp\/\",\"https:\/\/www.linkedin.com\/company\/ikosoft\/\",\"https:\/\/www.youtube.com\/channel\/UCwuC68LMiuRue7p9W6tTexA\"]}]}<\/script>\n<!-- \/ Yoast SEO plugin. -->","yoast_head_json":{"title":"Gestiona tu peluquer\u00eda f\u00e1cilmente con Merlin | An\u00e1lisis |","robots":{"index":"index","follow":"follow","max-snippet":"max-snippet:-1","max-image-preview":"max-image-preview:large","max-video-preview":"max-video-preview:-1"},"canonical":"https:\/\/ikosoftspain.com\/blog\/gestiona-tu-peluqueria-facilmente-con-merlin-analisis\/","og_locale":"es_ES","og_type":"article","og_title":"Gestiona tu peluquer\u00eda f\u00e1cilmente con Merlin | An\u00e1lisis |","og_url":"https:\/\/ikosoftspain.com\/blog\/gestiona-tu-peluqueria-facilmente-con-merlin-analisis\/","article_publisher":"https:\/\/www.facebook.com\/IKOSOFT","article_modified_time":"2019-11-13T16:04:14+00:00","twitter_card":"summary_large_image","twitter_site":"@ikosoft_esp","schema":{"@context":"https:\/\/schema.org","@graph":[{"@type":"WebPage","@id":"https:\/\/ikosoftspain.com\/blog\/gestiona-tu-peluqueria-facilmente-con-merlin-analisis\/","url":"https:\/\/ikosoftspain.com\/blog\/gestiona-tu-peluqueria-facilmente-con-merlin-analisis\/","name":"Gestiona tu peluquer\u00eda f\u00e1cilmente con Merlin | An\u00e1lisis |","isPartOf":{"@id":"https:\/\/ikosoftspain.com\/blog\/#website"},"datePublished":"2019-10-07T11:57:54+00:00","dateModified":"2019-11-13T16:04:14+00:00","breadcrumb":{"@id":"https:\/\/ikosoftspain.com\/blog\/gestiona-tu-peluqueria-facilmente-con-merlin-analisis\/#breadcrumb"},"inLanguage":"es","potentialAction":[{"@type":"ReadAction","target":["https:\/\/ikosoftspain.com\/blog\/gestiona-tu-peluqueria-facilmente-con-merlin-analisis\/"]}]},{"@type":"BreadcrumbList","@id":"https:\/\/ikosoftspain.com\/blog\/gestiona-tu-peluqueria-facilmente-con-merlin-analisis\/#breadcrumb","itemListElement":[{"@type":"ListItem","position":1,"name":"Portada","item":"https:\/\/ikosoftspain.com\/blog\/"},{"@type":"ListItem","position":2,"name":"Gestiona tu peluquer\u00eda f\u00e1cilmente con Merlin | An\u00e1lisis"}]},{"@type":"WebSite","@id":"https:\/\/ikosoftspain.com\/blog\/#website","url":"https:\/\/ikosoftspain.com\/blog\/","name":"Gestiona tu peluquer\u00eda f\u00e1cilmente con Merlin","description":"Gestiona tu peluquer&iacute;a f&aacute;cilmente con Merlin","publisher":{"@id":"https:\/\/ikosoftspain.com\/blog\/#organization"},"potentialAction":[{"@type":"SearchAction","target":{"@type":"EntryPoint","urlTemplate":"https:\/\/ikosoftspain.com\/blog\/?s={search_term_string}"},"query-input":"required name=search_term_string"}],"inLanguage":"es"},{"@type":"Organization","@id":"https:\/\/ikosoftspain.com\/blog\/#organization","name":"Ikosoft Espa\u00f1a","url":"https:\/\/ikosoftspain.com\/blog\/","logo":{"@type":"ImageObject","inLanguage":"es","@id":"https:\/\/ikosoftspain.com\/blog\/#\/schema\/logo\/image\/","url":"https:\/\/ikosoftspain.com\/blog\/wp-content\/uploads\/2019\/10\/logo-ikosoft.png","contentUrl":"https:\/\/ikosoftspain.com\/blog\/wp-content\/uploads\/2019\/10\/logo-ikosoft.png","width":369,"height":213,"caption":"Ikosoft Espa\u00f1a"},"image":{"@id":"https:\/\/ikosoftspain.com\/blog\/#\/schema\/logo\/image\/"},"sameAs":["https:\/\/www.facebook.com\/IKOSOFT","https:\/\/twitter.com\/ikosoft_esp","https:\/\/www.instagram.com\/ikosoft.esp\/","https:\/\/www.linkedin.com\/company\/ikosoft\/","https:\/\/www.youtube.com\/channel\/UCwuC68LMiuRue7p9W6tTexA"]}]}},"_links":{"self":[{"href":"https:\/\/ikosoftspain.com\/blog\/wp-json\/wp\/v2\/pages\/29"}],"collection":[{"href":"https:\/\/ikosoftspain.com\/blog\/wp-json\/wp\/v2\/pages"}],"about":[{"href":"https:\/\/ikosoftspain.com\/blog\/wp-json\/wp\/v2\/types\/page"}],"author":[{"embeddable":true,"href":"https:\/\/ikosoftspain.com\/blog\/wp-json\/wp\/v2\/users\/1"}],"replies":[{"embeddable":true,"href":"https:\/\/ikosoftspain.com\/blog\/wp-json\/wp\/v2\/comments?post=29"}],"version-history":[{"count":3,"href":"https:\/\/ikosoftspain.com\/blog\/wp-json\/wp\/v2\/pages\/29\/revisions"}],"predecessor-version":[{"id":518,"href":"https:\/\/ikosoftspain.com\/blog\/wp-json\/wp\/v2\/pages\/29\/revisions\/518"}],"wp:attachment":[{"href":"https:\/\/ikosoftspain.com\/blog\/wp-json\/wp\/v2\/media?parent=29"}],"curies":[{"name":"wp","href":"https:\/\/api.w.org\/{rel}","templated":true}]}}